{"id":1816,"date":"2015-06-17T11:23:53","date_gmt":"2015-06-17T08:23:53","guid":{"rendered":"http:\/\/rotofluid.websitesikurmak.com.tr\/?page_id=1816"},"modified":"2015-11-02T17:01:49","modified_gmt":"2015-11-02T15:01:49","slug":"about-us","status":"publish","type":"page","link":"https:\/\/www.rotofluid.com\/eng\/company\/about-us\/","title":{"rendered":"About Us"},"content":{"rendered":"<p><span style=\"font-family: arial, helvetica, sans-serif; font-size: 10pt; color: #000000;\">ROTOFLUID is a brand of ESZ Makina \u0130n\u015f. San. Ve D\u0131\u015f Tic. Ltd. \u015eti.; which is an internationally oriented, ISO 9001 certified design &amp; manufacturing company located in Istanbul, Turkey.<\/span><\/p>\n<p><span style=\"font-family: arial, helvetica, sans-serif; font-size: 10pt; color: #000000;\">ROTOFLUID rotary unions are used to transfer medium from stationary supply lines to rotating or moving machine parts.\u00a0 In addition, rotary unions can be designed with multiple flow passages and handle different media simultaneously.\u00a0 Whenever media will be transferred in rotating or swiveling machine parts, ROTOFLUID has the right solution.<\/span><\/p>\n<p><span style=\"font-family: arial, helvetica, sans-serif; font-size: 10pt; color: #000000;\">ROTOFLUID products are used in Textile, Paper, Food, Petrol, Aluminum, Automotive, Cement, Leather, Lumber, Marine, Petrochemical, Plastics, etc.<\/span><\/p>\n<p><span style=\"font-family: arial, helvetica, sans-serif; font-size: 10pt; color: #000000;\">We offer solutions for;<\/span><\/p>\n<ul>\n<li><strong><span style=\"font-family: arial, helvetica, sans-serif; font-size: 10pt; color: #000000;\">SEALING ELEMENTS (CARBON GRAPHITE, SIC, TUC, CERAMIC)<\/span><\/strong><\/li>\n<li><strong><span style=\"font-family: arial, helvetica, sans-serif; font-size: 10pt; color: #000000;\">ROTARY UNIONS, ROTARY JOINTS, ROTATING JOINTS<\/span><\/strong><\/li>\n<li><strong><span style=\"font-family: arial, helvetica, sans-serif; font-size: 10pt; color: #000000;\">SWIVEL JOINTS<\/span><\/strong><\/li>\n<li><strong><span style=\"font-family: arial, helvetica, sans-serif; font-size: 10pt; color: #000000;\">SLIP RINGS<\/span><\/strong><\/li>\n<\/ul>\n<p><span style=\"font-family: arial, helvetica, sans-serif; font-size: 10pt; color: #000000;\">With its customer orientated service, customer satisfaction is guaranteed. ESZ Makina works not only as an industrial products supplier, but also solution providing partner of our valued customers.<\/span><\/p>\n<p><span style=\"font-size: 10pt; font-family: arial, helvetica, sans-serif; color: #000000;\"><div class=\"column one-second\"><\/span><\/p>\n<p><span style=\"font-size: 10pt; font-family: arial, helvetica, sans-serif; color: #000000;\"><img decoding=\"async\" loading=\"lazy\" class=\"wp-image-2680 size-full aligncenter\" src=\"http:\/\/www.rotofluid.com\/eng\/wp-content\/uploads\/sites\/2\/2015\/10\/WEBSITE-ROTOFLUID-CNC-2.jpg\" alt=\"WEBSITE-ROTOFLUID-CNC-2\" width=\"400\" height=\"300\" srcset=\"https:\/\/www.rotofluid.com\/eng\/wp-content\/uploads\/sites\/2\/2015\/10\/WEBSITE-ROTOFLUID-CNC-2.jpg 400w, https:\/\/www.rotofluid.com\/eng\/wp-content\/uploads\/sites\/2\/2015\/10\/WEBSITE-ROTOFLUID-CNC-2-300x225.jpg 300w, https:\/\/www.rotofluid.com\/eng\/wp-content\/uploads\/sites\/2\/2015\/10\/WEBSITE-ROTOFLUID-CNC-2-195x146.jpg 195w, https:\/\/www.rotofluid.com\/eng\/wp-content\/uploads\/sites\/2\/2015\/10\/WEBSITE-ROTOFLUID-CNC-2-50x38.jpg 50w, https:\/\/www.rotofluid.com\/eng\/wp-content\/uploads\/sites\/2\/2015\/10\/WEBSITE-ROTOFLUID-CNC-2-100x75.jpg 100w\" sizes=\"(max-width: 400px) 100vw, 400px\" \/><\/span><\/p>\n<p><span style=\"font-size: 10pt; font-family: arial, helvetica, sans-serif; color: #000000;\"><\/div>\n<\/span><\/p>\n<p><span style=\"font-size: 10pt; font-family: arial, helvetica, sans-serif; color: #000000;\"><div class=\"column one-third\"><\/span><\/p>\n<p><span style=\"font-size: 10pt; font-family: arial, helvetica, sans-serif; color: #000000;\">A team of qualified engineers and product specialists are always available to find the right solution to customer needs. In order to meet the demands of customers, we use 2D\/3D CAD and Simulation software.<\/span><\/p>\n<p><span style=\"font-size: 10pt; font-family: arial, helvetica, sans-serif; color: #000000;\">ROTOFLUID manufacturing is state of the art manufacturing facility, modern CNC machining centers and advanced quality systems certified by ISO 9001.<\/span><\/p>\n<p><span style=\"font-size: 10pt; font-family: arial, helvetica, sans-serif; color: #000000;\"><\/div>\n<\/span><\/p>\n<p>&nbsp;<\/p>\n<p>&nbsp;<\/p>\n<p>&nbsp;<\/p>\n<p>&nbsp;<\/p>\n<p>&nbsp;<\/p>\n<p>&nbsp;<\/p>\n<p>&nbsp;<\/p>\n<p>&nbsp;<\/p>\n<p>&nbsp;<\/p>\n<p>&nbsp;<\/p>\n<p>&nbsp;<\/p>\n<p><span style=\"font-family: arial, helvetica, sans-serif; font-size: 10pt; color: #000000;\">From the receipt of the raw materials to the shipment of the final product, our total production process is subject to the strictest quality controls. The control of the manufacturing process warrantees that all the products are manufactured within the technical specification. Every delivered product was tested on modern test machines under customer\u2019s application parameters.<\/span><\/p>\n<p><span style=\"font-family: arial, helvetica, sans-serif; font-size: 10pt; color: #000000;\">Most of the products and spare parts are stocked at the factory and can be delivered within a very short time. When in need of a special product, customer receives quotation with technical information and drawings. After confirmation of the order, finished product is delivered in a very short time.<\/span><\/p>\n<p><span style=\"font-family: arial, helvetica, sans-serif; font-size: 10pt; color: #000000;\">We offer repair service in our center and also offer local support for customer needs. We analyze and evaluate failure of our products and offer cost offers as a part of our service. All ROTOFLUID products can also be repaired at the field. ROTOFLUID supplies not only spare parts as kit, but also single spare parts such as o-ring, seal ring, etc. so that all mechanics can only buy what they need and make repairs with very low costs.<\/span><\/p>\n<p><span style=\"font-family: arial, helvetica, sans-serif; font-size: 10pt; color: #000000;\">ROTOFLUID service covers; from consulting in the selection of products in line with customer requirements, to installation and commissioning of the products and complete after-sales service.<\/span><\/p>\n<p><span style=\"font-size: 10pt; font-family: arial, helvetica, sans-serif; color: #000000;\"><img decoding=\"async\" loading=\"lazy\" class=\"wp-image-2681 size-medium aligncenter\" src=\"http:\/\/www.rotofluid.com\/eng\/wp-content\/uploads\/sites\/2\/2015\/10\/ROTOFLUID-COMPANY-ABOUT-US-ESZ-VALUE-1-INGILIZCE-297x300.jpg\" alt=\"ROTOFLUID-COMPANY-ABOUT-US-ESZ-VALUE-1-INGILIZCE\" width=\"297\" height=\"300\" srcset=\"https:\/\/www.rotofluid.com\/eng\/wp-content\/uploads\/sites\/2\/2015\/10\/ROTOFLUID-COMPANY-ABOUT-US-ESZ-VALUE-1-INGILIZCE-297x300.jpg 297w, https:\/\/www.rotofluid.com\/eng\/wp-content\/uploads\/sites\/2\/2015\/10\/ROTOFLUID-COMPANY-ABOUT-US-ESZ-VALUE-1-INGILIZCE-1013x1024.jpg 1013w, https:\/\/www.rotofluid.com\/eng\/wp-content\/uploads\/sites\/2\/2015\/10\/ROTOFLUID-COMPANY-ABOUT-US-ESZ-VALUE-1-INGILIZCE-144x146.jpg 144w, https:\/\/www.rotofluid.com\/eng\/wp-content\/uploads\/sites\/2\/2015\/10\/ROTOFLUID-COMPANY-ABOUT-US-ESZ-VALUE-1-INGILIZCE-50x50.jpg 50w, https:\/\/www.rotofluid.com\/eng\/wp-content\/uploads\/sites\/2\/2015\/10\/ROTOFLUID-COMPANY-ABOUT-US-ESZ-VALUE-1-INGILIZCE-576x582.jpg 576w, https:\/\/www.rotofluid.com\/eng\/wp-content\/uploads\/sites\/2\/2015\/10\/ROTOFLUID-COMPANY-ABOUT-US-ESZ-VALUE-1-INGILIZCE-80x80.jpg 80w, https:\/\/www.rotofluid.com\/eng\/wp-content\/uploads\/sites\/2\/2015\/10\/ROTOFLUID-COMPANY-ABOUT-US-ESZ-VALUE-1-INGILIZCE-85x85.jpg 85w, https:\/\/www.rotofluid.com\/eng\/wp-content\/uploads\/sites\/2\/2015\/10\/ROTOFLUID-COMPANY-ABOUT-US-ESZ-VALUE-1-INGILIZCE-74x75.jpg 74w, https:\/\/www.rotofluid.com\/eng\/wp-content\/uploads\/sites\/2\/2015\/10\/ROTOFLUID-COMPANY-ABOUT-US-ESZ-VALUE-1-INGILIZCE.jpg 2000w\" sizes=\"(max-width: 297px) 100vw, 297px\" \/><\/span><\/p>\n<p><span style=\"font-family: arial, helvetica, sans-serif; font-size: 10pt; color: #000000;\"><div class=\"column one-third\"><\/span><\/p>\n<p><span style=\"font-family: arial, helvetica, sans-serif; font-size: 10pt; color: #000000;\"><strong>OUR VISION<\/strong><\/span><\/p>\n<p><span style=\"font-family: arial, helvetica, sans-serif; font-size: 10pt; color: #000000;\">&#8211; As a company respectful to the world and respected around the world; our vision is to become 1st solution providing company with innovative products and solutions in the rapidly changing world.<\/span><br \/>\n<span style=\"font-family: arial, helvetica, sans-serif; font-size: 10pt; color: #000000;\"> <\/div>\n<\/span><\/p>\n<p><span style=\"font-family: arial, helvetica, sans-serif; font-size: 10pt; color: #000000;\"><div class=\"column one-third\"><\/span><\/p>\n<p><span style=\"font-family: arial, helvetica, sans-serif; font-size: 10pt; color: #000000;\"><strong>OUR MISSION<\/strong><\/span><\/p>\n<p><span style=\"font-family: arial, helvetica, sans-serif; font-size: 10pt; color: #000000;\">&#8211; With customer orientated service; our mission is to supply high quality products with competitive prices in a short delivery time to our customers<\/span><br \/>\n<span style=\"font-family: arial, helvetica, sans-serif; font-size: 10pt; color: #000000;\"> <\/div>\n<\/span><\/p>\n<p><span style=\"font-family: arial, helvetica, sans-serif; font-size: 10pt; color: #000000;\"><div class=\"column one-third\"><\/span><\/p>\n<p><span style=\"font-family: arial, helvetica, sans-serif; font-size: 10pt; color: #000000;\"><strong>OUR VALUES<\/strong><\/span><\/p>\n<p><span style=\"font-family: arial, helvetica, sans-serif; font-size: 10pt; color: #000000;\">&#8211; Be reliable and honest<\/span><br \/>\n<span style=\"font-family: arial, helvetica, sans-serif; font-size: 10pt; color: #000000;\">&#8211; Give importance to team work<\/span><br \/>\n<span style=\"font-family: arial, helvetica, sans-serif; font-size: 10pt; color: #000000;\">&#8211; To be responsible and helpful to the society, nature and the environment<\/span><br \/>\n<span style=\"font-family: arial, helvetica, sans-serif; font-size: 10pt; color: #000000;\">&#8211; Supply high quality products and solutions<\/span><br \/>\n<span style=\"font-family: arial, helvetica, sans-serif; font-size: 10pt; color: #000000;\"> <\/div>\n<\/span><\/p>\n","protected":false},"excerpt":{"rendered":"<p>ROTOFLUID is a brand of ESZ Makina \u0130n\u015f. San. Ve D\u0131\u015f Tic. Ltd. \u015eti.; which is an internationally oriented, ISO 9001 certified design &amp; manufacturing company<span class=\"excerpt-hellip\"> [\u2026]<\/span><\/p>\n","protected":false},"author":1,"featured_media":0,"parent":1814,"menu_order":0,"comment_status":"open","ping_status":"open","template":"","meta":{"inline_featured_image":false,"footnotes":""},"_links":{"self":[{"href":"https:\/\/www.rotofluid.com\/eng\/wp-json\/wp\/v2\/pages\/1816"}],"collection":[{"href":"https:\/\/www.rotofluid.com\/eng\/wp-json\/wp\/v2\/pages"}],"about":[{"href":"https:\/\/www.rotofluid.com\/eng\/wp-json\/wp\/v2\/types\/page"}],"author":[{"embeddable":true,"href":"https:\/\/www.rotofluid.com\/eng\/wp-json\/wp\/v2\/users\/1"}],"replies":[{"embeddable":true,"href":"https:\/\/www.rotofluid.com\/eng\/wp-json\/wp\/v2\/comments?post=1816"}],"version-history":[{"count":12,"href":"https:\/\/www.rotofluid.com\/eng\/wp-json\/wp\/v2\/pages\/1816\/revisions"}],"predecessor-version":[{"id":3242,"href":"https:\/\/www.rotofluid.com\/eng\/wp-json\/wp\/v2\/pages\/1816\/revisions\/3242"}],"up":[{"embeddable":true,"href":"https:\/\/www.rotofluid.com\/eng\/wp-json\/wp\/v2\/pages\/1814"}],"wp:attachment":[{"href":"https:\/\/www.rotofluid.com\/eng\/wp-json\/wp\/v2\/media?parent=1816"}],"curies":[{"name":"wp","href":"https:\/\/api.w.org\/{rel}","templated":true}]}}