{"id":2035,"date":"2015-06-18T11:00:55","date_gmt":"2015-06-18T08:00:55","guid":{"rendered":"http:\/\/rotofluid.websitesikurmak.com.tr\/?page_id=2035"},"modified":"2015-10-16T16:55:40","modified_gmt":"2015-10-16T13:55:40","slug":"tungsten-carbide","status":"publish","type":"page","link":"https:\/\/www.rotofluid.com\/eng\/technical-information\/seals\/tungsten-carbide\/","title":{"rendered":"Tungsten Carbide"},"content":{"rendered":"<p><span style=\"font-family: arial, helvetica, sans-serif; font-size: 10pt; color: #000000;\"><div class=\"column one-second\"><\/span><\/p>\n<p><span style=\"font-family: arial, helvetica, sans-serif; font-size: 10pt; color: #000000;\">Tungsten karb\u00fcr y\u00fcksek dayan\u0131m, y\u00fcksek diren\u00e7 ve sertlik gerektiren bir\u00e7ok uygulamada yayg\u0131n olarak kullan\u0131lmaktad\u0131r. Tungsten karb\u00fcr; nikel ba\u011fl\u0131 ve kobalt ba\u011fl\u0131 olarak 2 tip olarak imal edilmektedir. Y\u00fczey deformasyonunu engelleyen y\u00fcksek elastisite mod\u00fcl\u00fcne sahip tungsten karb\u00fcr, y\u00fcksek bas\u0131n\u00e7 uygulamalar\u0131nda ideal \u00e7\u00f6z\u00fcmler sunar.<\/span><\/p>\n<p><span style=\"font-family: arial, helvetica, sans-serif; font-size: 10pt; color: #000000;\"><\/div>\n<\/span><\/p>\n<p><span style=\"font-family: arial, helvetica, sans-serif; font-size: 10pt; color: #000000;\"><div class=\"column one-second\"><\/span><\/p>\n<p><span style=\"font-family: arial, helvetica, sans-serif; font-size: 10pt; color: #000000;\"><img decoding=\"async\" loading=\"lazy\" class=\"aligncenter wp-image-2460 size-full\" src=\"http:\/\/www.rotofluid.com\/eng\/wp-content\/uploads\/sites\/2\/2015\/10\/WEB-ROTOFLUID-SEALS-TUC.jpg\" alt=\"WEB-ROTOFLUID-SEALS-TUC\" width=\"600\" height=\"470\" srcset=\"https:\/\/www.rotofluid.com\/eng\/wp-content\/uploads\/sites\/2\/2015\/10\/WEB-ROTOFLUID-SEALS-TUC.jpg 600w, https:\/\/www.rotofluid.com\/eng\/wp-content\/uploads\/sites\/2\/2015\/10\/WEB-ROTOFLUID-SEALS-TUC-300x235.jpg 300w, https:\/\/www.rotofluid.com\/eng\/wp-content\/uploads\/sites\/2\/2015\/10\/WEB-ROTOFLUID-SEALS-TUC-186x146.jpg 186w, https:\/\/www.rotofluid.com\/eng\/wp-content\/uploads\/sites\/2\/2015\/10\/WEB-ROTOFLUID-SEALS-TUC-50x39.jpg 50w, https:\/\/www.rotofluid.com\/eng\/wp-content\/uploads\/sites\/2\/2015\/10\/WEB-ROTOFLUID-SEALS-TUC-576x451.jpg 576w, https:\/\/www.rotofluid.com\/eng\/wp-content\/uploads\/sites\/2\/2015\/10\/WEB-ROTOFLUID-SEALS-TUC-96x75.jpg 96w\" sizes=\"(max-width: 600px) 100vw, 600px\" \/><\/span><\/p>\n<p><span style=\"font-family: arial, helvetica, sans-serif; font-size: 10pt; color: #000000;\"><\/div>\n<\/span><\/p>\n<table width=\"726\">\n<tbody>\n<tr>\n<td width=\"328\">\n<p style=\"text-align: center;\"><span style=\"font-family: arial, helvetica, sans-serif; font-size: 10pt; color: #000000;\">Capability,unit<\/span><\/p>\n<\/td>\n<td width=\"398\">\n<p style=\"text-align: center;\"><span style=\"font-family: arial, helvetica, sans-serif; font-size: 10pt; color: #000000;\">Tunngsten carbide<\/span><\/p>\n<\/td>\n<\/tr>\n<tr>\n<td width=\"328\">\n<p style=\"text-align: center;\"><span style=\"font-family: arial, helvetica, sans-serif; font-size: 10pt; color: #000000;\">Content<\/span><\/p>\n<\/td>\n<td width=\"398\">\n<p style=\"text-align: center;\"><span style=\"font-family: arial, helvetica, sans-serif; font-size: 10pt; color: #000000;\">WC+6%Ni<\/span><\/p>\n<\/td>\n<\/tr>\n<tr>\n<td width=\"328\">\n<p style=\"text-align: center;\"><span style=\"font-family: arial, helvetica, sans-serif; font-size: 10pt; color: #000000;\">Density g3\/cm<\/span><\/p>\n<\/td>\n<td width=\"398\">\n<p style=\"text-align: center;\"><span style=\"font-family: arial, helvetica, sans-serif; font-size: 10pt; color: #000000;\">14.50<\/span><\/p>\n<\/td>\n<\/tr>\n<tr>\n<td width=\"328\">\n<p style=\"text-align: center;\"><span style=\"font-family: arial, helvetica, sans-serif; font-size: 10pt; color: #000000;\">Flexural Strength Gpa<\/span><\/p>\n<\/td>\n<td width=\"398\">\n<p style=\"text-align: center;\"><span style=\"font-family: arial, helvetica, sans-serif; font-size: 10pt; color: #000000;\">400<\/span><\/p>\n<\/td>\n<\/tr>\n<tr>\n<td width=\"328\">\n<p style=\"text-align: center;\"><span style=\"font-family: arial, helvetica, sans-serif; font-size: 10pt; color: #000000;\">Knoop Hardness<\/span><\/p>\n<\/td>\n<td width=\"398\">\n<p style=\"text-align: center;\"><span style=\"font-family: arial, helvetica, sans-serif; font-size: 10pt; color: #000000;\">1880<\/span><\/p>\n<\/td>\n<\/tr>\n<tr>\n<td width=\"328\">\n<p style=\"text-align: center;\"><span style=\"font-family: arial, helvetica, sans-serif; font-size: 10pt; color: #000000;\">Bending Strength Mpa\u00a0 (kpsi)<\/span><\/p>\n<\/td>\n<td width=\"398\">\n<p style=\"text-align: center;\"><span style=\"font-family: arial, helvetica, sans-serif; font-size: 10pt; color: #000000;\">570(83)<\/span><\/p>\n<\/td>\n<\/tr>\n<tr>\n<td width=\"328\">\n<p style=\"text-align: center;\"><span style=\"font-family: arial, helvetica, sans-serif; font-size: 10pt; color: #000000;\">Compression Strength Mpa(kpsi)<\/span><\/p>\n<\/td>\n<td width=\"398\">\n<p style=\"text-align: center;\"><span style=\"font-family: arial, helvetica, sans-serif; font-size: 10pt; color: #000000;\">7900(1140)<\/span><\/p>\n<\/td>\n<\/tr>\n<tr>\n<td width=\"328\">\n<p style=\"text-align: center;\"><span style=\"font-family: arial, helvetica, sans-serif; font-size: 10pt; color: #000000;\">Fracture toughness Mpam1\/2<\/span><\/p>\n<\/td>\n<td width=\"398\">\n<p style=\"text-align: center;\"><span style=\"font-family: arial, helvetica, sans-serif; font-size: 10pt; color: #000000;\">12<\/span><\/p>\n<\/td>\n<\/tr>\n<tr>\n<td width=\"328\">\n<p style=\"text-align: center;\"><span style=\"font-family: arial, helvetica, sans-serif; font-size: 10pt; color: #000000;\">Thermeal Expansion Coeff.\u00a0 1\/0k<\/span><\/p>\n<\/td>\n<td width=\"398\">\n<p style=\"text-align: center;\"><span style=\"font-family: arial, helvetica, sans-serif; font-size: 10pt; color: #000000;\">NA<\/span><\/p>\n<\/td>\n<\/tr>\n<tr>\n<td width=\"328\">\n<p style=\"text-align: center;\"><span style=\"font-family: arial, helvetica, sans-serif; font-size: 10pt; color: #000000;\">Speciffic heat Joule\/g\u30020k<\/span><\/p>\n<\/td>\n<td width=\"398\">\n<p style=\"text-align: center;\"><span style=\"font-family: arial, helvetica, sans-serif; font-size: 10pt; color: #000000;\">110<\/span><\/p>\n<\/td>\n<\/tr>\n<tr>\n<td width=\"328\">\n<p style=\"text-align: center;\"><span style=\"font-family: arial, helvetica, sans-serif; font-size: 10pt; color: #000000;\">Specific heat, Joule\/g<\/span><\/p>\n<\/td>\n<td width=\"398\">\n<p style=\"text-align: center;\"><span style=\"font-family: arial, helvetica, sans-serif; font-size: 10pt; color: #000000;\">0.95<\/span><\/p>\n<\/td>\n<\/tr>\n<tr>\n<td width=\"328\">\n<p style=\"text-align: center;\"><span style=\"font-family: arial, helvetica, sans-serif; font-size: 10pt; color: #000000;\">Heat resistance(in the air), \u2103<\/span><\/p>\n<\/td>\n<td width=\"398\">\n<p style=\"text-align: center;\"><span style=\"font-family: arial, helvetica, sans-serif; font-size: 10pt; color: #000000;\">900<\/span><\/p>\n<\/td>\n<\/tr>\n<\/tbody>\n<\/table>\n","protected":false},"excerpt":{"rendered":"<p>Capability,unit Tunngsten carbide Content WC+6%Ni Density g3\/cm 14.50 Flexural Strength Gpa 400 Knoop Hardness 1880 Bending Strength Mpa\u00a0 (kpsi) 570(83) Compression Strength Mpa(kpsi) 7900(1140) Fracture toughness<span class=\"excerpt-hellip\"> [\u2026]<\/span><\/p>\n","protected":false},"author":1,"featured_media":0,"parent":1863,"menu_order":0,"comment_status":"open","ping_status":"open","template":"","meta":{"inline_featured_image":false,"footnotes":""},"_links":{"self":[{"href":"https:\/\/www.rotofluid.com\/eng\/wp-json\/wp\/v2\/pages\/2035"}],"collection":[{"href":"https:\/\/www.rotofluid.com\/eng\/wp-json\/wp\/v2\/pages"}],"about":[{"href":"https:\/\/www.rotofluid.com\/eng\/wp-json\/wp\/v2\/types\/page"}],"author":[{"embeddable":true,"href":"https:\/\/www.rotofluid.com\/eng\/wp-json\/wp\/v2\/users\/1"}],"replies":[{"embeddable":true,"href":"https:\/\/www.rotofluid.com\/eng\/wp-json\/wp\/v2\/comments?post=2035"}],"version-history":[{"count":6,"href":"https:\/\/www.rotofluid.com\/eng\/wp-json\/wp\/v2\/pages\/2035\/revisions"}],"predecessor-version":[{"id":2494,"href":"https:\/\/www.rotofluid.com\/eng\/wp-json\/wp\/v2\/pages\/2035\/revisions\/2494"}],"up":[{"embeddable":true,"href":"https:\/\/www.rotofluid.com\/eng\/wp-json\/wp\/v2\/pages\/1863"}],"wp:attachment":[{"href":"https:\/\/www.rotofluid.com\/eng\/wp-json\/wp\/v2\/media?parent=2035"}],"curies":[{"name":"wp","href":"https:\/\/api.w.org\/{rel}","templated":true}]}}